{"id":502,"date":"2023-07-12T11:46:49","date_gmt":"2023-07-12T09:46:49","guid":{"rendered":"https:\/\/www.mrtanandco.fr\/?page_id=502"},"modified":"2023-07-12T11:49:24","modified_gmt":"2023-07-12T09:49:24","slug":"conditions-generales-dutilisation-et-politique-de-confidentialite-stickers-ma","status":"publish","type":"page","link":"https:\/\/www.mrtanandco.fr\/index.php\/conditions-generales-dutilisation-et-politique-de-confidentialite-stickers-ma\/","title":{"rendered":"Conditions G\u00e9n\u00e9rales d&rsquo;Utilisation et Politique de confidentialit\u00e9"},"content":{"rendered":"\n<h1 class=\"wp-block-heading\">Pack de stickers Mortelle Ad\u00e8le<sup>\u00a9<\/sup>&nbsp;\u2013 Application<\/h1>\n\n\n\n<p>1<sup>er<\/sup>&nbsp;Janvier 2023<\/p>\n\n\n\n<p>Les pr\u00e9sentes Conditions G\u00e9n\u00e9rales d\u2019Utilisation d\u00e9terminent les r\u00e8gles d\u2019utilisation de l\u2019application&nbsp;<em>\u00ab&nbsp;Stickers Mortelle Ad\u00e8le<sup>\u00a9<\/sup>&nbsp;\u00bb<\/em>&nbsp;(ci-apr\u00e8s \u00ab l\u2019Application \u00bb). En t\u00e9l\u00e9chargeant et utilisant l\u2019Application, vous reconnaissez, en votre qualit\u00e9 d\u2019utilisateur, en conna\u00eetre les termes, les accepter sans r\u00e9serve et vous y conformer.<\/p>\n\n\n\n<p><strong>1 \u2013 MENTIONS L\u00c9GALES ET CR\u00c9DITS<\/strong><\/p>\n\n\n\n<p>Les Mentions l\u00e9gales et cr\u00e9dits de l\u2019Application sont accessibles sur l\u2019AppStore<sup>\u00a9<\/sup>, Google Play<sup>\u00a9<\/sup>, sur le site&nbsp;<a href=\"https:\/\/www.mrtanandco.fr\/index.php\/mentions-legales-et-politique-de-confidentialite\/\">MrTanAndCo.fr<\/a>&nbsp; et sur le site&nbsp;<a rel=\"noreferrer noopener\" href=\"https:\/\/www.mortelleadele.com\/index.php\/mentions-legales\/\" target=\"_blank\">www.mortelleadele.com<\/a><\/p>\n\n\n\n<p><strong>2 &#8211; CONDITIONS D\u2019UTILISATION<\/strong><\/p>\n\n\n\n<p>Les pr\u00e9sentes Conditions G\u00e9n\u00e9rales d\u2019Utilisation d\u00e9terminent les r\u00e8gles d\u2019acc\u00e8s \u00e0 l\u2019Application.<\/p>\n\n\n\n<p><strong>2.1 \u2013 Fonctionnement de l\u2019Application<\/strong><\/p>\n\n\n\n<p>Pour assurer le fonctionnement optimal de l\u2019Application, assurez-vous d\u2019\u00eatre connect\u00e9(e) au Wifi (haut d\u00e9bit) afin d\u2019\u00e9viter les frais que pourraient occasionner une connexion 3G ou 4G.<\/p>\n\n\n\n<ul class=\"wp-block-list\">\n<li>Syst\u00e8mes d\u2019exploitation minimums&nbsp;:<\/li>\n<\/ul>\n\n\n\n<p>iOS<sup>\u00a9<\/sup>&nbsp;&amp; Google Play<sup>\u00a9<\/sup>&nbsp;: iOS 11 et +, Android 4 (Ice Cream) et +<\/p>\n\n\n\n<ul class=\"wp-block-list\">\n<li>Appareils mobiles support\u00e9s&nbsp;:<\/li>\n<\/ul>\n\n\n\n<p><strong>Apple<sup>\u00a9<\/sup>&nbsp;<\/strong>: iPhone<sup>\u00a9<\/sup>&nbsp;5s et +, iPad (4e g\u00e9n\u00e9ration) et +, iPad<sup>\u00a9<\/sup>&nbsp;mini 2<\/p>\n\n\n\n<p><strong>Android&nbsp;<\/strong>: Tous les appareils (mobile, tablettes et PC) fabriqu\u00e9s en 2016 et +.<\/p>\n\n\n\n<p>Cependant, Mr Tan &amp; Co ne peut vous garantir le bon fonctionnement de l\u2019Application sur tous les appareils Android du fait des diff\u00e9rences existantes d\u2019un appareil \u00e0 un autre.<\/p>\n\n\n\n<p>Si vous rencontrez des probl\u00e8mes, veuillez s\u2019il vous pla\u00eet contactez le service client&nbsp;:&nbsp;<a href=\"mailto:contact@mrtanandco.fr\">contact@mrtanandco.fr<\/a>&nbsp;ou via le formulaire&nbsp;<a href=\"https:\/\/www.mrtanandco.fr\/index.php\/contact\/\" data-type=\"page\" data-id=\"19\" target=\"_blank\" rel=\"noreferrer noopener\">de contact Mr Tan &amp; Co.<\/a><\/p>\n\n\n\n<p>L\u2019Application est propos\u00e9e au t\u00e9l\u00e9chargement gratuit et accessible directement depuis votre terminal.<\/p>\n\n\n\n<ul class=\"wp-block-list\">\n<li>T\u00e9l\u00e9chargement&nbsp;:<\/li>\n<\/ul>\n\n\n\n<p>Pour t\u00e9l\u00e9charger l\u2019Application il vous suffit de vous rendre&nbsp;:<\/p>\n\n\n\n<ul class=\"wp-block-list\">\n<li><em>Sur l\u2019Appstore<sup>\u00a9<\/sup><\/em><\/li>\n\n\n\n<li><em>Sur Google Play<sup>\u00a9<\/sup><\/em><\/li>\n<\/ul>\n\n\n\n<p><strong>2.2 \u2013 Contenu de l\u2019Application<\/strong><\/p>\n\n\n\n<p>L\u2019Application propose plusieurs packs de stickers issus de l\u2019univers de Mortelle Ad\u00e8le<sup>\u00a9<\/sup>. Repens\u00e9s et enrichis afin d\u2019int\u00e9grer l\u2019Application ou sp\u00e9cialement cr\u00e9\u00e9s \u00e0 cette fin, les stickers propos\u00e9s vous permettent de partager avec vos contacts des visuels et punchlines de Mortelle Ad\u00e8le<sup>\u00a9<\/sup>&nbsp;(ci-apr\u00e8s d\u00e9sign\u00e9s \u201cles Contenus\u201d) dans votre messagerie instantan\u00e9e par les moyens suivants&nbsp;:<\/p>\n\n\n\n<ul class=\"wp-block-list\">\n<li>T\u00e9l\u00e9chargement de l\u2019Application compatible avec l\u2019ensemble des applications de messagerie instantan\u00e9e et chat.<\/li>\n\n\n\n<li>Extension de l\u2019Application pour iMessage<sup>\u00a9<\/sup>&nbsp;permettant d\u2019illustrer vos conversations avec des stickers Mortelle Ad\u00e8le<sup>\u00a9<\/sup>&nbsp;;<\/li>\n<\/ul>\n\n\n\n<p><strong>Une fois t\u00e9l\u00e9charg\u00e9s, les contenus sont stock\u00e9s et accessibles dans votre messagerie instantan\u00e9e et directement int\u00e9gr\u00e9s \u00e0 l&rsquo;application Messages pour les appareils iOS.<\/strong><\/p>\n\n\n\n<p>Des mises \u00e0 jour de contenus sont propos\u00e9es r\u00e9guli\u00e8rement.<\/p>\n\n\n\n<p><strong>3 \u2013 DONN\u00c9ES PERSONNELLES<\/strong><\/p>\n\n\n\n<p>Mr Tan &amp; Co respecte la loi \u00ab Informatique et Libert\u00e9s \u00bb n\u00b078 du 6 janvier 1978 modifi\u00e9e, ainsi que le R\u00e8glement 2016\/679 du 27 avril 2016 (ci-apr\u00e8s d\u00e9sign\u00e9 le \u00ab&nbsp;RGPD&nbsp;\u00bb).<\/p>\n\n\n\n<p>En tant que Responsable de traitement au sens du RGPD, Mr Tan &amp; Co est responsable des donn\u00e9es personnelles qu\u2019il collecte, et en particulier de la s\u00e9curit\u00e9, de la confidentialit\u00e9 et de l\u2019int\u00e9grit\u00e9 des donn\u00e9es personnelles.<\/p>\n\n\n\n<p>Conform\u00e9ment aux dispositions l\u00e9gales et r\u00e8glementaires applicables, le traitement de vos donn\u00e9es peut donner lieu \u00e0 l\u2019exercice d\u2019un droit d\u2019acc\u00e8s, d\u2019un droit de rectification, d\u2019un droit de limitation, d\u2019un droit de portabilit\u00e9, un droit d\u2019effacement ainsi que d\u2019un droit d\u2019opposition pour motifs l\u00e9gitimes, aupr\u00e8s de Mr Tan &amp; Co \u00e9diteur l\u2019Application en adressant un courrier \u00e0 l\u2019adresse suivante&nbsp;: Mr Tan &amp; Co &#8211; DPO, 17 rue Dupin, 75006 Paris ou un mail \u00e0&nbsp;<a href=\"mailto:dpo@mrtanandco.fr\">dpo@mrtanandco.fr<\/a>.<\/p>\n\n\n\n<p>Pour plus d\u2019informations veuillez consulter la&nbsp;<a href=\"https:\/\/www.mrtanandco.fr\/index.php\/mentions-legales-et-politique-de-confidentialite\/\" target=\"_blank\" rel=\"noreferrer noopener\">politique de confidentialit\u00e9 de Mr Tan &amp; Co<\/a>.<\/p>\n\n\n\n<p><strong>3.1 \u2013 VIE PRIV\u00c9 DES ENFANTS<\/strong><\/p>\n\n\n\n<p>Nos Applications sont destin\u00e9es aux enfants et \u00e0 leurs parents. Nous ne collectons sciemment aucune information personnelle au sein de nos Applications. Nous pouvons recueillir des donn\u00e9es non personnelles sur l\u2019utilisation des Applications afin de nous permettre d\u2019am\u00e9liorer nos jeux (informations telles que : actions r\u00e9alis\u00e9es au sein du jeu, temps pass\u00e9). Cette information ne peut identifier votre appareil ou votre identit\u00e9 et est totalement anonyme. Cette information est destin\u00e9e \u00e0 un usage interne exclusivement et ne sera pas partag\u00e9e.<\/p>\n\n\n\n<p>L&rsquo;utilisation de nos applications demeure soumise \u00e0 l&rsquo;autorisation des parents.<\/p>\n\n\n\n<p><strong>4 \u2013 LICENCE DE DROIT D\u2019USAGE<\/strong><\/p>\n\n\n\n<p>L\u2019acc\u00e8s \u00e0 l\u2019Application conf\u00e8re \u00e0 l\u2019utilisateur, un droit d\u2019usage priv\u00e9, non collectif et non exclusif sur le contenu de ladite Application. Toute mise en r\u00e9seau et toute rediffusion, quelle qu\u2019en soit la forme, sont interdites.<\/p>\n\n\n\n<p>S\u2019il souhaite faire un usage commercial des informations et\/ou Contenus pr\u00e9sents sur l\u2019Application, il convient de solliciter un accord expr\u00e8s de Mr Tan &amp; Co. Pour ce faire, envoyez-nous un e-mail \u00e0 l\u2019adresse suivante&nbsp;:&nbsp;<a href=\"mailto:contact@mrtanandco.fr\">contact@mrtanandco.fr<\/a>&nbsp;ou via le formulaire&nbsp;<a href=\"https:\/\/www.mrtanandco.fr\/index.php\/contact\/\" data-type=\"page\" data-id=\"19\" target=\"_blank\" rel=\"noreferrer noopener\">de contact de Mr Tan &amp; Co.<\/a><\/p>\n\n\n\n<p>L\u2019ensemble des Contenus \u00e9dit\u00e9s de l\u2019Application constitue des \u0153uvres au sens des dispositions de l\u2019article L112-1 du Code de la Propri\u00e9t\u00e9 Intellectuelle. En cons\u00e9quence, toute repr\u00e9sentation ou reproduction, int\u00e9grale ou partielle, qui pourrait en \u00eatre faite sans le consentement de l\u2019\u00e9diteur, des auteurs ou de leurs ayants droit, est illicite. En votre qualit\u00e9 d\u2019utilisateur, vous ne pouvez donc modifier, copier, transmettre par e-mail ou de toute autre mani\u00e8re, c\u00e9der, t\u00e9l\u00e9charger, afficher et, d\u2019une fa\u00e7on g\u00e9n\u00e9rale, exploiter ces Contenus.<\/p>\n\n\n\n<p>Nous vous rappelons que la violation de l\u2019un des droits d\u2019auteur de Mr Tan &amp; Co ou des auteurs des mat\u00e9riels disponibles dans l\u2019Application constitue un d\u00e9lit de contrefa\u00e7on puni en France par l\u2019article L335-2 du Code de la Propri\u00e9t\u00e9 Intellectuelle et passible de trois ans d\u2019emprisonnement et 300 000 euros d\u2019amende.<\/p>\n\n\n\n<p><strong>5 \u2013 MODIFICATION DES CGU ET DE L&rsquo;APPLICATION<\/strong><\/p>\n\n\n\n<p>Mr Tan &amp; Co se r\u00e9serve le droit, \u00e0 sa seule discr\u00e9tion et sans information pr\u00e9alable, de modifier, supprimer ou ajouter des mentions aux Conditions G\u00e9n\u00e9rales d\u2019Utilisation de l\u2019Application, et ce \u00e0 tout moment afin notamment de prendre en compte toute \u00e9volution l\u00e9gale, jurisprudentielle, \u00e9ditoriale et\/ou technique. Il vous est donc conseill\u00e9 de vous r\u00e9f\u00e9rer r\u00e9guli\u00e8rement \u00e0 la derni\u00e8re version des desdites Conditions G\u00e9n\u00e9rales d\u2019Utilisation.<\/p>\n\n\n\n<p>Mr Tan &amp; Co se r\u00e9serve \u00e9galement la facult\u00e9 de modifier les caract\u00e9ristiques ou le contenu de l\u2019Application. Mr Tan &amp; Co peut \u00e9galement restreindre l\u2019acc\u00e8s \u00e0 certaines rubriques de l\u2019Application et ce, sans avertissement pr\u00e9alable.<\/p>\n\n\n\n<p>Mr Tan &amp; Co peut \u00e0 sa seule discr\u00e9tion suspendre, interrompre ou arr\u00eater l\u2019acc\u00e8s \u00e0 tout ou partie de l\u2019Application pour quelque raison que ce soit incluant notamment le non-respect des \u00ab Conditions g\u00e9n\u00e9rales d\u2019utilisation \u00bb de l\u2019Application. Il ne garantit pas que l\u2019Application soit sans erreurs ni que toutes les imperfections feront l\u2019objet de corrections.<\/p>\n\n\n\n<p>Mr Tan &amp; Co se r\u00e9serve le droit de vous envoyer, \u00e0 vous personnellement ou \u00e0 l\u2019ensemble des utilisateurs de l\u2019Application, des e-mails afin de vous tenir inform\u00e9 des changements, modifications ou ajouts intervenus sur l\u2019Application.<\/p>\n\n\n\n<p><strong>6 \u2013 LIMITATION DE RESPONSABILIT\u00c9<\/strong><\/p>\n\n\n\n<p>Vous \u00eates seul(e) responsable des dommages et pr\u00e9judices, directs ou indirects, mat\u00e9riels ou immat\u00e9riels d\u00e8s lors qu\u2019ils auraient pour cause, fondement ou origine un usage de l\u2019Application par vous-m\u00eame ou par toute personne autoris\u00e9e par vous \u00e0 utiliser l\u2019Application. Par usage, il convient d\u2019entendre tout usage de l\u2019Application quel qu\u2019il soit, frauduleux ou non frauduleux.<\/p>\n\n\n\n<p>\u00c0 ce titre, vous renoncez \u00e0 toute r\u00e9clamation ou action en justice relative \u00e0 de tels dommages et pr\u00e9judices, sur le fondement de la responsabilit\u00e9 contractuelle de Mr Tan &amp; Co en sa qualit\u00e9 d\u2019\u00e9diteur de l\u2019Application ou sur tout autre fondement.<\/p>\n\n\n\n<p>L\u2019acc\u00e8s \u00e0 l\u2019Application est possible vingt-quatre (24) heures sur vingt-quatre (24), sept (7) jours sur sept (7) sauf en cas de force majeure ou d\u2019\u00e9v\u00e9nement hors du contr\u00f4le de Mr Tan &amp; Co et sous r\u00e9serve des \u00e9ventuelles pannes et interventions de maintenance n\u00e9cessaires au bon fonctionnement de l\u2019Application et\/ou des Contenus, qui pourront \u00eatre effectu\u00e9es sans information pr\u00e9alable des utilisateurs.<\/p>\n\n\n\n<p>En cons\u00e9quence, la responsabilit\u00e9 de Mr Tan &amp; Co ne peut \u00eatre engag\u00e9e dans les cas suivants&nbsp;:<\/p>\n\n\n\n<ul class=\"wp-block-list\">\n<li><em>Interruptions momentan\u00e9es d\u2019une dur\u00e9e de quelques minutes pour la mise \u00e0 jour de certains fichiers ;<\/em><\/li>\n\n\n\n<li><em>Difficult\u00e9s de fonctionnement ou interruption momentan\u00e9e de service ind\u00e9pendamment de la volont\u00e9 de Mr Tan &amp; Co, notamment en cas d\u2019interruption des services d\u2019\u00e9lectricit\u00e9 ou de t\u00e9l\u00e9communication;<\/em><\/li>\n\n\n\n<li><em>Interruptions momentan\u00e9es des services n\u00e9cessaires \u00e0 leurs \u00e9volutions ou maintenance;<\/em><\/li>\n\n\n\n<li><em>D\u00e9faillance ou dysfonctionnements du r\u00e9seau internet<\/em><\/li>\n<\/ul>\n\n\n\n<p>Vous acceptez les caract\u00e9ristiques et les limites de l\u2019internet, et en particulier reconna\u00eet&nbsp;:<\/p>\n\n\n\n<ul class=\"wp-block-list\">\n<li><em>qu\u2019il a connaissance de la nature de l\u2019internet, en particulier de ses performances techniques et des temps de r\u00e9ponse,<\/em><\/li>\n\n\n\n<li><em>que la communication de ses \u00e9ventuels codes d\u2019acc\u00e8s et, pr\u00e9cis\u00e9ment, de son identifiant et de son mot de passe, ou, d\u2019une mani\u00e8re g\u00e9n\u00e9rale, de toute information jug\u00e9e confidentielle, est faite sous sa propre responsabilit\u00e9,<\/em><\/li>\n\n\n\n<li><em>qu\u2019il vous appartient de prendre toutes mesures n\u00e9cessaires pour s\u2019assurer que les caract\u00e9ristiques techniques de votre mat\u00e9riel (ordinateur, tablette, smartphone) vous permettent la consultation des Contenus ;<\/em><\/li>\n\n\n\n<li><em>qu\u2019il vous appartient de prendre toutes les mesures appropri\u00e9es de fa\u00e7on \u00e0 prot\u00e9ger vos propres donn\u00e9es et\/ou logiciels de la contamination par d\u2019\u00e9ventuels virus circulant \u00e0 travers l\u2019Application.<\/em><\/li>\n<\/ul>\n\n\n\n<p><strong>7 \u2013 APPLICATON DE LA LOI FRAN\u00c7AISE<\/strong><\/p>\n\n\n\n<p>La pr\u00e9sente Application \u00e9tant destin\u00e9e \u00e0 un public francophone, les r\u00e8gles applicables \u00e0 l\u2019usage de l\u2019Application sont d\u00e9termin\u00e9es par la loi fran\u00e7aise. En cas de litige, les tribunaux fran\u00e7ais seront seuls comp\u00e9tents.<\/p>\n","protected":false},"excerpt":{"rendered":"<p>Pack de stickers Mortelle Ad\u00e8le\u00a9&nbsp;\u2013 Application 1er&nbsp;Janvier 2023 Les pr\u00e9sentes Conditions G\u00e9n\u00e9rales d\u2019Utilisation d\u00e9terminent les r\u00e8gles d\u2019utilisation de l\u2019application&nbsp;\u00ab&nbsp;Stickers Mortelle Ad\u00e8le\u00a9&nbsp;\u00bb&nbsp;(ci-apr\u00e8s \u00ab l\u2019Application \u00bb). En t\u00e9l\u00e9chargeant et utilisant l\u2019Application, vous reconnaissez, en votre qualit\u00e9 d\u2019utilisateur, en conna\u00eetre les termes, les accepter sans r\u00e9serve et vous y conformer. 1 \u2013 MENTIONS L\u00c9GALES ET CR\u00c9DITS Les Mentions [&hellip;]<\/p>\n","protected":false},"author":1,"featured_media":0,"parent":0,"menu_order":0,"comment_status":"closed","ping_status":"closed","template":"","meta":{"ocean_post_layout":"","ocean_both_sidebars_style":"","ocean_both_sidebars_content_width":0,"ocean_both_sidebars_sidebars_width":0,"ocean_sidebar":"0","ocean_second_sidebar":"0","ocean_disable_margins":"enable","ocean_add_body_class":"","ocean_shortcode_before_top_bar":"","ocean_shortcode_after_top_bar":"","ocean_shortcode_before_header":"","ocean_shortcode_after_header":"","ocean_has_shortcode":"","ocean_shortcode_after_title":"","ocean_shortcode_before_footer_widgets":"","ocean_shortcode_after_footer_widgets":"","ocean_shortcode_before_footer_bottom":"","ocean_shortcode_after_footer_bottom":"","ocean_display_top_bar":"default","ocean_display_header":"default","ocean_header_style":"","ocean_center_header_left_menu":"0","ocean_custom_header_template":"0","ocean_custom_logo":0,"ocean_custom_retina_logo":0,"ocean_custom_logo_max_width":0,"ocean_custom_logo_tablet_max_width":0,"ocean_custom_logo_mobile_max_width":0,"ocean_custom_logo_max_height":0,"ocean_custom_logo_tablet_max_height":0,"ocean_custom_logo_mobile_max_height":0,"ocean_header_custom_menu":"0","ocean_menu_typo_font_family":"0","ocean_menu_typo_font_subset":"","ocean_menu_typo_font_size":0,"ocean_menu_typo_font_size_tablet":0,"ocean_menu_typo_font_size_mobile":0,"ocean_menu_typo_font_size_unit":"px","ocean_menu_typo_font_weight":"","ocean_menu_typo_font_weight_tablet":"","ocean_menu_typo_font_weight_mobile":"","ocean_menu_typo_transform":"","ocean_menu_typo_transform_tablet":"","ocean_menu_typo_transform_mobile":"","ocean_menu_typo_line_height":0,"ocean_menu_typo_line_height_tablet":0,"ocean_menu_typo_line_height_mobile":0,"ocean_menu_typo_line_height_unit":"","ocean_menu_typo_spacing":0,"ocean_menu_typo_spacing_tablet":0,"ocean_menu_typo_spacing_mobile":0,"ocean_menu_typo_spacing_unit":"","ocean_menu_link_color":"","ocean_menu_link_color_hover":"","ocean_menu_link_color_active":"","ocean_menu_link_background":"","ocean_menu_link_hover_background":"","ocean_menu_link_active_background":"","ocean_menu_social_links_bg":"","ocean_menu_social_hover_links_bg":"","ocean_menu_social_links_color":"","ocean_menu_social_hover_links_color":"","ocean_disable_title":"default","ocean_disable_heading":"default","ocean_post_title":"","ocean_post_subheading":"","ocean_post_title_style":"","ocean_post_title_background_color":"","ocean_post_title_background":0,"ocean_post_title_bg_image_position":"","ocean_post_title_bg_image_attachment":"","ocean_post_title_bg_image_repeat":"","ocean_post_title_bg_image_size":"","ocean_post_title_height":0,"ocean_post_title_bg_overlay":0.5,"ocean_post_title_bg_overlay_color":"","ocean_disable_breadcrumbs":"default","ocean_breadcrumbs_color":"","ocean_breadcrumbs_separator_color":"","ocean_breadcrumbs_links_color":"","ocean_breadcrumbs_links_hover_color":"","ocean_display_footer_widgets":"default","ocean_display_footer_bottom":"default","ocean_custom_footer_template":"0","footnotes":""},"class_list":["post-502","page","type-page","status-publish","hentry","entry"],"_links":{"self":[{"href":"https:\/\/www.mrtanandco.fr\/index.php\/wp-json\/wp\/v2\/pages\/502","targetHints":{"allow":["GET"]}}],"collection":[{"href":"https:\/\/www.mrtanandco.fr\/index.php\/wp-json\/wp\/v2\/pages"}],"about":[{"href":"https:\/\/www.mrtanandco.fr\/index.php\/wp-json\/wp\/v2\/types\/page"}],"author":[{"embeddable":true,"href":"https:\/\/www.mrtanandco.fr\/index.php\/wp-json\/wp\/v2\/users\/1"}],"replies":[{"embeddable":true,"href":"https:\/\/www.mrtanandco.fr\/index.php\/wp-json\/wp\/v2\/comments?post=502"}],"version-history":[{"count":3,"href":"https:\/\/www.mrtanandco.fr\/index.php\/wp-json\/wp\/v2\/pages\/502\/revisions"}],"predecessor-version":[{"id":506,"href":"https:\/\/www.mrtanandco.fr\/index.php\/wp-json\/wp\/v2\/pages\/502\/revisions\/506"}],"wp:attachment":[{"href":"https:\/\/www.mrtanandco.fr\/index.php\/wp-json\/wp\/v2\/media?parent=502"}],"curies":[{"name":"wp","href":"https:\/\/api.w.org\/{rel}","templated":true}]}}