{"id":306,"date":"2023-06-30T16:47:51","date_gmt":"2023-06-30T14:47:51","guid":{"rendered":"https:\/\/beta4.mrtanandco.fr\/?page_id=306"},"modified":"2024-05-19T15:07:38","modified_gmt":"2024-05-19T13:07:38","slug":"gadou","status":"publish","type":"page","link":"https:\/\/www.mrtanandco.fr\/index.php\/gadou\/","title":{"rendered":"Gadou"},"content":{"rendered":"\n<div class=\"wp-block-columns is-layout-flex wp-container-core-columns-is-layout-9d6595d7 wp-block-columns-is-layout-flex\">\n<div class=\"wp-block-column is-layout-flow wp-block-column-is-layout-flow\">\n<h2 class=\"wp-block-heading has-text-align-center\" style=\"font-size:30px\">D\u00e9couvrir le monde, en se d\u00e9couvrant soi&nbsp;!<\/h2>\n\n\n\n<p class=\"has-text-align-center\">Mr Tan cr\u00e9e le personnage de Gadou en 2013, en souvenir de la peluche de son enfance, \u00e0 laquelle il avait donn\u00e9 le m\u00eame nom, quand il avait 5 ans. Inspir\u00e9 des mascottes crois\u00e9es lors de ses nombreux voyages au Japon, Mr Tan a voulu s\u2019appuyer sur un graphisme \u00e9pur\u00e9 pour traduire des \u00e9motions universelles et auxquelles chacun peut se connecter.<\/p>\n\n\n\n<p class=\"has-text-align-center\">Gadou est un petit panda qui pr\u00f4ne la d\u00e9couverte de soi, l\u2019expression personnelle, et pour cause : il est n\u00e9 tout blanc et peint ses propres taches chaque jour pour se r\u00e9inventer.<br>S\u2019il habite la France, Gadou aime la d\u00e9couverte, voyager pour d\u00e9couvrir d&rsquo;autres cultures. D\u2019ailleurs, il a la particularit\u00e9 de parler toutes les langues et c\u2019est normal, car comme il n&rsquo;a pas de bouche, il parle avec son c\u0153ur !<\/p>\n<\/div>\n\n\n\n<div class=\"wp-block-column is-vertically-aligned-center is-layout-flow wp-block-column-is-layout-flow\">\n<figure class=\"wp-block-image size-full\"><img fetchpriority=\"high\" decoding=\"async\" width=\"932\" height=\"732\" src=\"https:\/\/beta4.mrtanandco.fr\/wp-content\/uploads\/2023\/06\/gadou_2.jpg\" alt=\"\" class=\"wp-image-310\" srcset=\"https:\/\/www.mrtanandco.fr\/wp-content\/uploads\/2023\/06\/gadou_2.jpg 932w, https:\/\/www.mrtanandco.fr\/wp-content\/uploads\/2023\/06\/gadou_2-300x236.jpg 300w, https:\/\/www.mrtanandco.fr\/wp-content\/uploads\/2023\/06\/gadou_2-768x603.jpg 768w\" sizes=\"(max-width: 932px) 100vw, 932px\" \/><\/figure>\n<\/div>\n<\/div>\n\n\n\n<div class=\"wp-block-columns is-layout-flex wp-container-core-columns-is-layout-9d6595d7 wp-block-columns-is-layout-flex\">\n<div class=\"wp-block-column is-vertically-aligned-center is-layout-flow wp-block-column-is-layout-flow\">\n<p class=\"has-text-align-center\">Gadou est un petit personnage \u00e0 l\u2019univers color\u00e9, tr\u00e8s r\u00e9f\u00e9renc\u00e9, qui incarne la curiosit\u00e9, le non-conformisme et l\u2019envie d\u2019aller de l\u2019avant ! Ce petit h\u00e9ros invite \u00e0 prendre confiance en soi, \u00e0 gagner en autonomie, en assurance. Il encourage les lecteurs \u00e0 s\u2019\u00e9merveiller des petites choses qui font le quotidien, \u00e0 c\u00e9l\u00e9brer les d\u00e9couvertes et \u00e0 s\u2019emparer des \u00e9v\u00e8nements et des \u00e9motions qu\u2019elles suscitent.<\/p>\n\n\n\n<p class=\"has-text-align-center\">Son maquillage noir et blanc, ainsi que son absence de bouche, est un clin d\u2019\u0153il culturel au mime, un art inscrit \u00e0 l&rsquo;inventaire du patrimoine culturel immat\u00e9riel en France depuis 2017.<\/p>\n\n\n\n<p class=\"has-text-align-center\">Apr\u00e8s les publications de l\u2019imagier g\u00e9ant Gadou fait tout, puis des ouvrages Gadou \u00e0 Paris, Gadou \u00e0 Londres et Gadou d\u00e9couvre le Japon chez Bayard Editions, ainsi qu\u2019une collaboration avec POPPIK, Mr Tan &amp; Co publie d\u00e8s 2023 la suite des aventures de Gadou et assure la repr\u00e9sentation de la marque \u00ab Gadou \u00bb aupr\u00e8s des partenaires de cet univers.<\/p>\n\n\n\n<div class=\"wp-block-buttons is-content-justification-center is-layout-flex wp-container-core-buttons-is-layout-16018d1d wp-block-buttons-is-layout-flex\">\n<div class=\"wp-block-button has-custom-width wp-block-button__width-75\"><a class=\"wp-block-button__link has-vivid-purple-background-color has-background wp-element-button\" href=\"https:\/\/www.mrtanandco.fr\/index.php\/gadou-en-video\/\" target=\"_blank\" rel=\"noreferrer noopener\">Vid\u00e9o de pr\u00e9sentation de Gadou<\/a><\/div>\n<\/div>\n<\/div>\n\n\n\n<div class=\"wp-block-column is-vertically-aligned-center is-layout-flow wp-block-column-is-layout-flow\">\n<figure class=\"wp-block-image size-large\"><img decoding=\"async\" width=\"853\" height=\"1024\" src=\"http:\/\/beta4.mrtanandco.fr\/wp-content\/uploads\/2023\/06\/gadou_1-853x1024.jpg\" alt=\"\" class=\"wp-image-315\" srcset=\"https:\/\/www.mrtanandco.fr\/wp-content\/uploads\/2023\/06\/gadou_1-853x1024.jpg 853w, https:\/\/www.mrtanandco.fr\/wp-content\/uploads\/2023\/06\/gadou_1-250x300.jpg 250w, https:\/\/www.mrtanandco.fr\/wp-content\/uploads\/2023\/06\/gadou_1-768x922.jpg 768w, https:\/\/www.mrtanandco.fr\/wp-content\/uploads\/2023\/06\/gadou_1.jpg 1126w\" sizes=\"(max-width: 853px) 100vw, 853px\" \/><\/figure>\n<\/div>\n<\/div>\n\n\n\n<div class=\"wp-block-buttons is-layout-flex wp-block-buttons-is-layout-flex\">\n<div class=\"wp-block-button has-custom-width wp-block-button__width-100 is-style-outline is-style-outline--1\"><a class=\"wp-block-button__link has-white-background-color has-text-color has-background wp-element-button\" href=\"https:\/\/www.mrtanandco.fr\/index.php\/contact\/\" style=\"color:#aa93c9\"><strong>Vous souhaitez rejoindre l\u2019aventure, n\u2019h\u00e9sitez pas \u00e0 nous contacter !<\/strong><\/a><\/div>\n\n\n\n<div class=\"wp-block-button has-custom-width wp-block-button__width-100 is-style-outline is-style-outline--2\"><a class=\"wp-block-button__link has-white-background-color has-text-color has-background wp-element-button\" href=\"https:\/\/www.gadou.fr\" style=\"color:#aa93c9\"><strong>Aller sur Gadou.fr<\/strong><\/a><\/div>\n<\/div>\n","protected":false},"excerpt":{"rendered":"<p>D\u00e9couvrir le monde, en se d\u00e9couvrant soi&nbsp;! Mr Tan cr\u00e9e le personnage de Gadou en 2013, en souvenir de la peluche de son enfance, \u00e0 laquelle il avait donn\u00e9 le m\u00eame nom, quand il avait 5 ans. Inspir\u00e9 des mascottes crois\u00e9es lors de ses nombreux voyages au Japon, Mr Tan a voulu s\u2019appuyer sur un [&hellip;]<\/p>\n","protected":false},"author":1,"featured_media":0,"parent":0,"menu_order":0,"comment_status":"closed","ping_status":"closed","template":"","meta":{"ocean_post_layout":"","ocean_both_sidebars_style":"","ocean_both_sidebars_content_width":0,"ocean_both_sidebars_sidebars_width":0,"ocean_sidebar":"0","ocean_second_sidebar":"0","ocean_disable_margins":"enable","ocean_add_body_class":"","ocean_shortcode_before_top_bar":"","ocean_shortcode_after_top_bar":"","ocean_shortcode_before_header":"","ocean_shortcode_after_header":"","ocean_has_shortcode":"","ocean_shortcode_after_title":"","ocean_shortcode_before_footer_widgets":"","ocean_shortcode_after_footer_widgets":"","ocean_shortcode_before_footer_bottom":"","ocean_shortcode_after_footer_bottom":"","ocean_display_top_bar":"default","ocean_display_header":"default","ocean_header_style":"","ocean_center_header_left_menu":"0","ocean_custom_header_template":"0","ocean_custom_logo":0,"ocean_custom_retina_logo":0,"ocean_custom_logo_max_width":0,"ocean_custom_logo_tablet_max_width":0,"ocean_custom_logo_mobile_max_width":0,"ocean_custom_logo_max_height":0,"ocean_custom_logo_tablet_max_height":0,"ocean_custom_logo_mobile_max_height":0,"ocean_header_custom_menu":"0","ocean_menu_typo_font_family":"0","ocean_menu_typo_font_subset":"","ocean_menu_typo_font_size":0,"ocean_menu_typo_font_size_tablet":0,"ocean_menu_typo_font_size_mobile":0,"ocean_menu_typo_font_size_unit":"px","ocean_menu_typo_font_weight":"","ocean_menu_typo_font_weight_tablet":"","ocean_menu_typo_font_weight_mobile":"","ocean_menu_typo_transform":"","ocean_menu_typo_transform_tablet":"","ocean_menu_typo_transform_mobile":"","ocean_menu_typo_line_height":0,"ocean_menu_typo_line_height_tablet":0,"ocean_menu_typo_line_height_mobile":0,"ocean_menu_typo_line_height_unit":"","ocean_menu_typo_spacing":0,"ocean_menu_typo_spacing_tablet":0,"ocean_menu_typo_spacing_mobile":0,"ocean_menu_typo_spacing_unit":"","ocean_menu_link_color":"","ocean_menu_link_color_hover":"","ocean_menu_link_color_active":"","ocean_menu_link_background":"","ocean_menu_link_hover_background":"","ocean_menu_link_active_background":"","ocean_menu_social_links_bg":"","ocean_menu_social_hover_links_bg":"","ocean_menu_social_links_color":"","ocean_menu_social_hover_links_color":"","ocean_disable_title":"default","ocean_disable_heading":"default","ocean_post_title":"","ocean_post_subheading":"","ocean_post_title_style":"background-image","ocean_post_title_background_color":"","ocean_post_title_background":307,"ocean_post_title_bg_image_position":"center center","ocean_post_title_bg_image_attachment":"","ocean_post_title_bg_image_repeat":"","ocean_post_title_bg_image_size":"","ocean_post_title_height":0,"ocean_post_title_bg_overlay":0.3,"ocean_post_title_bg_overlay_color":"","ocean_disable_breadcrumbs":"default","ocean_breadcrumbs_color":"","ocean_breadcrumbs_separator_color":"","ocean_breadcrumbs_links_color":"","ocean_breadcrumbs_links_hover_color":"","ocean_display_footer_widgets":"default","ocean_display_footer_bottom":"default","ocean_custom_footer_template":"0","footnotes":""},"class_list":["post-306","page","type-page","status-publish","hentry","entry"],"_links":{"self":[{"href":"https:\/\/www.mrtanandco.fr\/index.php\/wp-json\/wp\/v2\/pages\/306","targetHints":{"allow":["GET"]}}],"collection":[{"href":"https:\/\/www.mrtanandco.fr\/index.php\/wp-json\/wp\/v2\/pages"}],"about":[{"href":"https:\/\/www.mrtanandco.fr\/index.php\/wp-json\/wp\/v2\/types\/page"}],"author":[{"embeddable":true,"href":"https:\/\/www.mrtanandco.fr\/index.php\/wp-json\/wp\/v2\/users\/1"}],"replies":[{"embeddable":true,"href":"https:\/\/www.mrtanandco.fr\/index.php\/wp-json\/wp\/v2\/comments?post=306"}],"version-history":[{"count":13,"href":"https:\/\/www.mrtanandco.fr\/index.php\/wp-json\/wp\/v2\/pages\/306\/revisions"}],"predecessor-version":[{"id":1190,"href":"https:\/\/www.mrtanandco.fr\/index.php\/wp-json\/wp\/v2\/pages\/306\/revisions\/1190"}],"wp:attachment":[{"href":"https:\/\/www.mrtanandco.fr\/index.php\/wp-json\/wp\/v2\/media?parent=306"}],"curies":[{"name":"wp","href":"https:\/\/api.w.org\/{rel}","templated":true}]}}